{"id":2,"date":"2014-11-10T18:53:25","date_gmt":"2014-11-10T18:53:25","guid":{"rendered":"http:\/\/mailpilots.no\/?page_id=2"},"modified":"2014-11-10T18:53:25","modified_gmt":"2014-11-10T18:53:25","slug":"testside","status":"publish","type":"page","link":"http:\/\/mailpilots.no\/?page_id=2","title":{"rendered":"Testside"},"content":{"rendered":"<p>Dette er en eksempelside. Den er forskjellig fra et blogginnlegg fordi den blir p\u00e5 ett sted og vil vises i navigasjonsmenyen (i de fleste temaer). De fleste starter med en \u00abOm meg\u00bb-side som introduserer dem for potensielle bes\u00f8kende. Der kan det st\u00e5 noe som dette:<\/p>\n<blockquote><p>Hei! Jeg er sykkelbud om dagen, en aspirerende skuespiller om kvelden og dette er min blogg. Jeg bor i Bergen, har en kul hund som heter Biff og liker karsk.<\/p><\/blockquote>\n<p>\u2026eller noe som dette:<\/p>\n<blockquote><p>Ditt-og-datt-selskapet ble grunnlagt i 1971, og har produsert b\u00e5de ditt og datt helt siden da. Selskapet holder til i Vassenden, rett forbi J\u00f8lstravatn. Vi har over 2000 ansatte og gj\u00f8r alt mulig fantastisk for samfunnet i Vassenden.<\/p><\/blockquote>\n<p>Som ny WordPress-bruker burde du g\u00e5 til ditt <a href=\"http:\/\/mailpilots.no\/wp-admin\/\">kontrollpanel<\/a> for \u00e5 slette denne siden og lage nye sider for ditt innhold. Lykke til!<\/p>\n","protected":false},"excerpt":{"rendered":"<p>Dette er en eksempelside. Den er forskjellig fra et blogginnlegg fordi den blir p\u00e5 ett sted og vil vises i navigasjonsmenyen (i de fleste temaer). De fleste starter med en \u00abOm meg\u00bb-side som introduserer dem for potensielle bes\u00f8kende. Der kan det st\u00e5 noe som dette: Hei! Jeg er sykkelbud om dagen, en aspirerende skuespiller om [&hellip;]<\/p>\n","protected":false},"author":1,"featured_media":0,"parent":0,"menu_order":0,"comment_status":"open","ping_status":"open","template":"","meta":[],"_links":{"self":[{"href":"http:\/\/mailpilots.no\/index.php?rest_route=\/wp\/v2\/pages\/2"}],"collection":[{"href":"http:\/\/mailpilots.no\/index.php?rest_route=\/wp\/v2\/pages"}],"about":[{"href":"http:\/\/mailpilots.no\/index.php?rest_route=\/wp\/v2\/types\/page"}],"author":[{"embeddable":true,"href":"http:\/\/mailpilots.no\/index.php?rest_route=\/wp\/v2\/users\/1"}],"replies":[{"embeddable":true,"href":"http:\/\/mailpilots.no\/index.php?rest_route=%2Fwp%2Fv2%2Fcomments&post=2"}],"version-history":[{"count":0,"href":"http:\/\/mailpilots.no\/index.php?rest_route=\/wp\/v2\/pages\/2\/revisions"}],"wp:attachment":[{"href":"http:\/\/mailpilots.no\/index.php?rest_route=%2Fwp%2Fv2%2Fmedia&parent=2"}],"curies":[{"name":"wp","href":"https:\/\/api.w.org\/{rel}","templated":true}]}}